{"id":7,"date":"2026-04-12T19:32:33","date_gmt":"2026-04-12T19:32:33","guid":{"rendered":"https:\/\/x-phase.com\/wordpress\/?page_id=7"},"modified":"2026-04-16T20:21:06","modified_gmt":"2026-04-16T20:21:06","slug":"home","status":"publish","type":"page","link":"https:\/\/x-phase.com\/wordpress\/","title":{"rendered":"Home"},"content":{"rendered":"<h1 class=\"has-text-align-center has-link-color wp-elements-2e8be5d2af63d4807b8941cccca9817a wp-block-site-title has-text-color has-ast-global-color-5-color has-background has-ast-global-color-5-background-color\"><a href=\"https:\/\/x-phase.com\/wordpress\" target=\"_self\" rel=\"home\">X-Phase s.r.l. Electronic design<\/a><\/h1>\n\n\n<div class=\"wp-block-cover alignfull\" style=\"min-height:496px;aspect-ratio:unset;\"><span aria-hidden=\"true\" class=\"wp-block-cover__background has-background-dim-100 has-background-dim has-background-gradient\" style=\"background:linear-gradient(150deg,rgb(9,61,110) 0%,rgba(224,219,209,0.9) 100%)\"><\/span><div class=\"wp-block-cover__inner-container is-layout-flow wp-block-cover-is-layout-flow\">\n<div class=\"wp-block-columns is-layout-flex wp-container-core-columns-is-layout-28f84493 wp-block-columns-is-layout-flex\">\n<div class=\"wp-block-column is-layout-flow wp-block-column-is-layout-flow\">\n<div class=\"wp-block-uagb-image aligncenter uagb-block-e009b65e wp-block-uagb-image--layout-default wp-block-uagb-image--effect-static wp-block-uagb-image--align-center\"><figure class=\"wp-block-uagb-image__figure\"><img decoding=\"async\" srcset=\"https:\/\/x-phase.com\/wordpress\/wp-content\/uploads\/2026\/04\/x-phase-logo-300x100-1.png ,https:\/\/x-phase.com\/wordpress\/wp-content\/uploads\/2026\/04\/x-phase-logo-300x100-1.png 780w, https:\/\/x-phase.com\/wordpress\/wp-content\/uploads\/2026\/04\/x-phase-logo-300x100-1.png 360w\" sizes=\"auto, (max-width: 480px) 150px\" src=\"https:\/\/x-phase.com\/wordpress\/wp-content\/uploads\/2026\/04\/x-phase-logo-300x100-1.png\" alt=\"\" class=\"uag-image-9\" width=\"300\" height=\"100\" title=\"x-phase-logo-300x100\" loading=\"lazy\" role=\"img\"\/><\/figure><\/div>\n\n\n\n<p class=\"has-text-align-center has-ast-global-color-5-color has-text-color has-link-color wp-elements-60a8fc21bbfa5ef249a9af014ba5f8c3\"><em><strong>Electronic Systems Development<\/strong><\/em><\/p>\n\n\n\n<p class=\"has-text-align-center has-ast-global-color-2-color has-text-color has-link-color wp-elements-b7c47d30fb3e7a2101f53c3ad55aca88\">Sito in costruzione<\/p>\n<\/div>\n<\/div>\n<\/div><\/div>\n\n\n\n<div class=\"wp-block-group alignfull has-ast-global-color-5-background-color has-background is-layout-constrained wp-container-core-group-is-layout-9cedb757 wp-block-group-is-layout-constrained\" style=\"padding-bottom:0px\">\n<h2 class=\"wp-block-heading screen-reader-text\">What We Offer<\/h2>\n\n\n\n<div class=\"wp-block-columns are-vertically-aligned-top is-layout-flex wp-container-core-columns-is-layout-00723822 wp-block-columns-is-layout-flex\">\n<div class=\"wp-block-column is-vertically-aligned-top is-layout-flow wp-container-core-column-is-layout-6b73ce23 wp-block-column-is-layout-flow\">\n<figure class=\"wp-block-image size-full\"><img loading=\"lazy\" decoding=\"async\" width=\"1024\" height=\"1024\" src=\"https:\/\/x-phase.com\/wordpress\/wp-content\/uploads\/2026\/04\/37b72ee4-0d42-439c-9172-c34cf7848ef6.png\" alt=\"Progettazione elettronica, dal primo schema a blocchi, discussione delle specifiche, fino alla realizzazione e messa in funzione dei prototipi\" class=\"wp-image-47\" srcset=\"https:\/\/x-phase.com\/wordpress\/wp-content\/uploads\/2026\/04\/37b72ee4-0d42-439c-9172-c34cf7848ef6.png 1024w, https:\/\/x-phase.com\/wordpress\/wp-content\/uploads\/2026\/04\/37b72ee4-0d42-439c-9172-c34cf7848ef6-300x300.png 300w, https:\/\/x-phase.com\/wordpress\/wp-content\/uploads\/2026\/04\/37b72ee4-0d42-439c-9172-c34cf7848ef6-150x150.png 150w, https:\/\/x-phase.com\/wordpress\/wp-content\/uploads\/2026\/04\/37b72ee4-0d42-439c-9172-c34cf7848ef6-768x768.png 768w\" sizes=\"auto, (max-width: 1024px) 100vw, 1024px\" \/><\/figure>\n\n\n\n<h3 class=\"wp-block-heading has-text-align-left\" style=\"margin-top:16px\">Progettazione<\/h3>\n\n\n\n<p class=\"has-text-align-left\">Nel mondo degli origami, non esistono pieghe casuali. Ogni inclinazione, ogni pressione \u00e8 una decisione ponderata che trasforma un foglio in un\u2019architettura complessa e armoniosa.<br>La nostra progettazione elettronica segue lo stesso principio. Per noi, un circuito non \u00e8 solo un insieme di componenti, ma un\u2019opera di precisione dove ogni tracciato e ogni connessione sono scelte strategiche per ottimizzare spazio, prestazioni e affidabilit\u00e0. Trasformiamo le vostre idee in soluzioni solide, con la stessa cura e dedizione di un maestro cartaio.<\/p>\n<\/div>\n\n\n\n<div class=\"wp-block-column is-vertically-aligned-top is-layout-flow wp-container-core-column-is-layout-6b73ce23 wp-block-column-is-layout-flow\">\n<figure class=\"wp-block-image size-full\"><img loading=\"lazy\" decoding=\"async\" width=\"1024\" height=\"1024\" src=\"https:\/\/x-phase.com\/wordpress\/wp-content\/uploads\/2026\/04\/557630f6-18a5-4561-92b1-4f6848bcc876.png\" alt=\"Prototipazione, realizzazione di procedure di collaudo e revisione del progetto\" class=\"wp-image-49\" srcset=\"https:\/\/x-phase.com\/wordpress\/wp-content\/uploads\/2026\/04\/557630f6-18a5-4561-92b1-4f6848bcc876.png 1024w, https:\/\/x-phase.com\/wordpress\/wp-content\/uploads\/2026\/04\/557630f6-18a5-4561-92b1-4f6848bcc876-300x300.png 300w, https:\/\/x-phase.com\/wordpress\/wp-content\/uploads\/2026\/04\/557630f6-18a5-4561-92b1-4f6848bcc876-150x150.png 150w, https:\/\/x-phase.com\/wordpress\/wp-content\/uploads\/2026\/04\/557630f6-18a5-4561-92b1-4f6848bcc876-768x768.png 768w\" sizes=\"auto, (max-width: 1024px) 100vw, 1024px\" \/><\/figure>\n\n\n\n<h3 class=\"wp-block-heading has-text-align-left\" style=\"margin-top:16px\">Prototipazione<\/h3>\n\n\n\n<p class=\"has-text-align-left\">Proprio come un foglio bianco che, attraverso pieghe studiate al millimetro, abbandona la sua bidimensionalit\u00e0 per farsi architettura, cos\u00ec i nostri prototipi evolvono verso la loro forma definitiva. Nella nostro laboratorio, la prototipazione \u00e8 un rito di precisione: ogni iterazione \u00e8 una scelta consapevole per trasformare una superficie piatta in un oggetto tecnologico capace esprimere il suo pieno potenziale.<\/p>\n<\/div>\n\n\n\n<div class=\"wp-block-column is-vertically-aligned-top is-layout-flow wp-container-core-column-is-layout-6b73ce23 wp-block-column-is-layout-flow\">\n<figure class=\"wp-block-image size-full\"><img loading=\"lazy\" decoding=\"async\" width=\"1024\" height=\"1024\" src=\"https:\/\/x-phase.com\/wordpress\/wp-content\/uploads\/2026\/04\/2a2c56ea-7de9-4181-a5b0-637ba25ed1a4.png\" alt=\"Ingegnerizzazione del prodotto per produzione di sistemi elettronici sempre aggiornati\" class=\"wp-image-44\" srcset=\"https:\/\/x-phase.com\/wordpress\/wp-content\/uploads\/2026\/04\/2a2c56ea-7de9-4181-a5b0-637ba25ed1a4.png 1024w, https:\/\/x-phase.com\/wordpress\/wp-content\/uploads\/2026\/04\/2a2c56ea-7de9-4181-a5b0-637ba25ed1a4-300x300.png 300w, https:\/\/x-phase.com\/wordpress\/wp-content\/uploads\/2026\/04\/2a2c56ea-7de9-4181-a5b0-637ba25ed1a4-150x150.png 150w, https:\/\/x-phase.com\/wordpress\/wp-content\/uploads\/2026\/04\/2a2c56ea-7de9-4181-a5b0-637ba25ed1a4-768x768.png 768w\" sizes=\"auto, (max-width: 1024px) 100vw, 1024px\" \/><\/figure>\n\n\n\n<h3 class=\"wp-block-heading has-text-align-left\" style=\"margin-top:16px\">Produzione<\/h3>\n\n\n\n<p class=\"has-text-align-left\">La vera sfida non \u00e8 creare un unico esemplare impeccabile, ma garantire che il millesimo sia identico al primo. Trattiamo ogni componente come un punto di contatto vitale, assicurandoci che la struttura finale mantenga l&#8217;integrit\u00e0 del progetto iniziale.<\/p>\n\n\n\n<p class=\"has-text-align-left\">Non produciamo solo circuiti: replichiamo architetture precise, dove l&#8217;accuratezza del singolo passaggio definisce la qualit\u00e0 dell&#8217;intero insieme<em>.<\/em><\/p>\n\n\n\n<p class=\"has-text-align-left\"><\/p>\n<\/div>\n\n\n\n<div class=\"wp-block-column is-vertically-aligned-top is-layout-flow wp-container-core-column-is-layout-6b73ce23 wp-block-column-is-layout-flow\">\n<figure class=\"wp-block-image size-full\"><img loading=\"lazy\" decoding=\"async\" width=\"1024\" height=\"1024\" src=\"https:\/\/x-phase.com\/wordpress\/wp-content\/uploads\/2026\/04\/1a8d8475-c75a-4e7c-9d42-c748af8c0a87.png\" alt=\"Capacit\u00e0 di aggiornare con componenti moderni e algoritmi le soluzioni pi\u00f9 datate\" class=\"wp-image-43\" srcset=\"https:\/\/x-phase.com\/wordpress\/wp-content\/uploads\/2026\/04\/1a8d8475-c75a-4e7c-9d42-c748af8c0a87.png 1024w, https:\/\/x-phase.com\/wordpress\/wp-content\/uploads\/2026\/04\/1a8d8475-c75a-4e7c-9d42-c748af8c0a87-300x300.png 300w, https:\/\/x-phase.com\/wordpress\/wp-content\/uploads\/2026\/04\/1a8d8475-c75a-4e7c-9d42-c748af8c0a87-150x150.png 150w, https:\/\/x-phase.com\/wordpress\/wp-content\/uploads\/2026\/04\/1a8d8475-c75a-4e7c-9d42-c748af8c0a87-768x768.png 768w\" sizes=\"auto, (max-width: 1024px) 100vw, 1024px\" \/><\/figure>\n\n\n\n<h3 class=\"wp-block-heading has-text-align-left\" style=\"margin-top:16px\">Retrofit<\/h3>\n\n\n\n<p class=\"has-text-align-left\">Intervenire su una struttura esistente significa comprenderne le pieghe originarie per tracciarne di nuove. Non si tratta di una semplice sostituzione, ma di un\u2019opera di adattamento dove la precisione del nuovo innesto deve armonizzarsi con i volumi del passato.<\/p>\n\n\n\n<p class=\"has-text-align-left\">Studiamo ogni incastro tecnologico per integrare prestazioni moderne in architetture consolidate. Attraverso scelte progettuali mirate, trasformiamo un oggetto statico in una soluzione dinamica, restituendo integrit\u00e0 e valore a ci\u00f2 che sembrava aver esaurito il suo ciclo. Ripensiamo la sostanza, affinch\u00e9 la struttura continui a evolvere.<\/p>\n<\/div>\n<\/div>\n<\/div>\n\n\n\n<div class=\"wp-block-group alignfull is-layout-constrained wp-container-core-group-is-layout-45b0ac4f wp-block-group-is-layout-constrained\" id=\"history\" style=\"padding-top:144px;padding-bottom:0px\">\n<h2 class=\"wp-block-heading\">La nostra storia<\/h2>\n\n\n\n<div class=\"wp-block-columns is-layout-flex wp-container-core-columns-is-layout-28f84493 wp-block-columns-is-layout-flex\">\n<div class=\"wp-block-column is-layout-flow wp-block-column-is-layout-flow\">\n<div data-aos= \"flip-down\" data-aos-duration=\"400\" data-aos-delay=\"0\" data-aos-easing=\"ease\" data-aos-once=\"true\" class=\"wp-block-uagb-image uagb-block-2345760b wp-block-uagb-image--layout-default wp-block-uagb-image--effect-static wp-block-uagb-image--align-none\"><figure class=\"wp-block-uagb-image__figure\"><img decoding=\"async\" srcset=\"https:\/\/x-phase.com\/wordpress\/wp-content\/uploads\/2026\/04\/83df0136-f80c-40ff-8d4b-346e3d157faf-683x1024.png ,https:\/\/x-phase.com\/wordpress\/wp-content\/uploads\/2026\/04\/83df0136-f80c-40ff-8d4b-346e3d157faf.png 780w, https:\/\/x-phase.com\/wordpress\/wp-content\/uploads\/2026\/04\/83df0136-f80c-40ff-8d4b-346e3d157faf.png 360w\" sizes=\"auto, (max-width: 480px) 150px\" src=\"https:\/\/x-phase.com\/wordpress\/wp-content\/uploads\/2026\/04\/83df0136-f80c-40ff-8d4b-346e3d157faf-683x1024.png\" alt=\"\" class=\"uag-image-54\" width=\"683\" height=\"1024\" title=\"_83df0136-f80c-40ff-8d4b-346e3d157faf\" loading=\"lazy\" role=\"img\"\/><\/figure><\/div>\n\n\n\n<h3 class=\"wp-block-heading\">2012 &#8211; L&#8217;Origine come Spin-Off Accademico<\/h3>\n\n\n\n<p>X-Phase nasce nel 2012 come l&#8217;evoluzione naturale di un percorso iniziato tra i laboratori della Facolt\u00e0 di Ingegneria dell&#8217;Universit\u00e0 di Firenze. Non \u00e8 stata una scelta pianificata a tavolino, ma una transizione spontanea: il desiderio di portare il rigore della ricerca accademica direttamente sul campo industriale.<br>Il nostro primo &#8216;battito&#8217; tecnologico \u00e8 stato un sistema monocanale a ultrasuoni per il controllo non distruttivo delle saldature. In quel primo prototipo c&#8217;era gi\u00e0 tutto il nostro DNA: la sfida di catturare un segnale invisibile e trasformarlo in un dato certo. Da quella singola scheda \u00e8 iniziato un processo di crescita costante che non si \u00e8 ancora fermato.<\/p>\n<\/div>\n\n\n\n<div class=\"wp-block-column is-layout-flow wp-block-column-is-layout-flow\">\n<div class=\"wp-block-uagb-image uagb-block-725ce5b0 wp-block-uagb-image--layout-default wp-block-uagb-image--effect-static wp-block-uagb-image--align-none\"><figure class=\"wp-block-uagb-image__figure\"><img decoding=\"async\" srcset=\"https:\/\/x-phase.com\/wordpress\/wp-content\/uploads\/2026\/04\/f6b52daf-2427-4667-9a20-c1d90485d288-683x1024.png ,https:\/\/x-phase.com\/wordpress\/wp-content\/uploads\/2026\/04\/f6b52daf-2427-4667-9a20-c1d90485d288.png 780w, https:\/\/x-phase.com\/wordpress\/wp-content\/uploads\/2026\/04\/f6b52daf-2427-4667-9a20-c1d90485d288.png 360w\" sizes=\"auto, (max-width: 480px) 150px\" src=\"https:\/\/x-phase.com\/wordpress\/wp-content\/uploads\/2026\/04\/f6b52daf-2427-4667-9a20-c1d90485d288-683x1024.png\" alt=\"\" class=\"uag-image-50\" width=\"683\" height=\"1024\" title=\"_f6b52daf-2427-4667-9a20-c1d90485d288\" loading=\"lazy\" role=\"img\"\/><\/figure><\/div>\n\n\n\n<h3 class=\"wp-block-heading\">L&#8217;Evoluzione &#8211; Ultrasuoni &amp; GPU Computing<\/h3>\n\n\n\n<p>Dalla singola traccia all\u2019architettura massiva: oggi ingegnerizziamo sistemi complessi fino a 256 canali full tx\/rx. Il cuore della nostra innovazione risiede nell&#8217;ottimizzazione estrema di FPGA, dove implementiamo i nostri algoritmi di Beamforming per la ricostruzione del segnale in tempo reale.<br>Integrando il backend su GPU, chiudiamo il cerchio tra acquisizione hardware e potenza di calcolo e capacit\u00e0 di visualizzazione. Il nostro impegno non finisce con la consegna: aggiorniamo costantemente le architetture per garantire ai nostri clienti un orizzonte temporale strategico.<\/p>\n<\/div>\n\n\n\n<div class=\"wp-block-column is-layout-flow wp-block-column-is-layout-flow\">\n<div class=\"wp-block-uagb-image uagb-block-b6c18085 wp-block-uagb-image--layout-default wp-block-uagb-image--effect-static wp-block-uagb-image--align-none\"><figure class=\"wp-block-uagb-image__figure\"><img decoding=\"async\" srcset=\"https:\/\/x-phase.com\/wordpress\/wp-content\/uploads\/2026\/04\/75ffde09-184d-459e-a740-85ee31aff5ec-1-683x1024.png ,https:\/\/x-phase.com\/wordpress\/wp-content\/uploads\/2026\/04\/75ffde09-184d-459e-a740-85ee31aff5ec-1.png 780w, https:\/\/x-phase.com\/wordpress\/wp-content\/uploads\/2026\/04\/75ffde09-184d-459e-a740-85ee31aff5ec-1.png 360w\" sizes=\"auto, (max-width: 480px) 150px\" src=\"https:\/\/x-phase.com\/wordpress\/wp-content\/uploads\/2026\/04\/75ffde09-184d-459e-a740-85ee31aff5ec-1-683x1024.png\" alt=\"\" class=\"uag-image-55\" width=\"1024\" height=\"1536\" title=\"_75ffde09-184d-459e-a740-85ee31aff5ec\" loading=\"lazy\" role=\"img\"\/><\/figure><\/div>\n\n\n\n<h3 class=\"wp-block-heading\">La Potenza &#8211; Induzione Industriale<\/h3>\n\n\n\n<p>Dalla sfida dei primi sistemi da 4kW per il service automotive, abbiamo evoluto la nostra tecnologia fino alla progettazione di macchine da 25kW ad alta frequenza.<br>Non ci limitiamo all&#8217;elettronica di controllo: progettiamo concentratori di energia efficienti, ottimizzando ogni singolo watt grazie all&#8217;esperienza maturata direttamente sul campo. Sappiamo come gestire le alte potenze e le medie frequenze per trasformare l&#8217;induzione in uno strumento di precisione industriale.<\/p>\n<\/div>\n<\/div>\n<\/div>\n\n\n\n\n\n\n\n<div class=\"wp-block-group alignfull is-layout-constrained wp-container-core-group-is-layout-3fee123f wp-block-group-is-layout-constrained\" id=\"whyus\" style=\"padding-top:144px;padding-bottom:144px\">\n<h2 class=\"wp-block-heading\">Settori<\/h2>\n\n\n\n<div class=\"wp-block-columns is-layout-flex wp-container-core-columns-is-layout-60cbf9bb wp-block-columns-is-layout-flex\" style=\"margin-top:50px\">\n<div class=\"wp-block-column is-layout-flow wp-container-core-column-is-layout-6b73ce23 wp-block-column-is-layout-flow\">\n<h3 class=\"wp-block-heading\" style=\"margin-top:16px\">Ultrasuoni<\/h3>\n\n\n\n<p>Portiamo l&#8217;innovazione degli ultrasuoni nel cuore dei vostri sistemi. Specializzati in architetture OEM, offriamo soluzioni hardware flessibili \u2014 dal&nbsp;<strong>monocanale al multicanale complesso<\/strong>&nbsp;\u2014 per rispondere alle sfide pi\u00f9 rigorose della&nbsp;<strong>sensoristica industriale (NDT)<\/strong>&nbsp;e dell&#8217;<strong>imaging biomedicale<\/strong>. Alla potenza dell&#8217;elettronica affianchiamo&nbsp;<strong>soluzioni informatiche evolute<\/strong>: non forniamo solo il componente, ma l&#8217;intelligenza software necessaria per gestire l&#8217;acquisizione e l&#8217;elaborazione dei dati, rendendo semplice la realizzazione di applicazioni ad alta complessit\u00e0.<\/p>\n<\/div>\n\n\n\n<div class=\"wp-block-column is-layout-flow wp-container-core-column-is-layout-6b73ce23 wp-block-column-is-layout-flow\">\n<h3 class=\"wp-block-heading\" style=\"margin-top:16px\">Induzione<\/h3>\n\n\n\n<p>Ottimizziamo il calore attraverso la&nbsp;<strong>scienza dell&#8217;induzione<\/strong>. Sviluppiamo tecnologie dove l\u2019alta potenza si fonde con la&nbsp;<strong>padronanza della fisica dei materiali<\/strong>, offrendo sistemi capaci di gestire l\u2019elettromagnetismo con una precisione senza compromessi. La nostra ingegneria assicura cicli termici costanti e ripetibili, portando l&#8217;efficienza energetica al servizio della produzione industriale. <strong>La nostra produzione interna ci permette di mantenere il controllo totale sulla qualit\u00e0 dell&#8217;hardware e di intervenire con aggiornamenti mirati, assicurando che i vostri sistemi restino performanti e allineati alle evoluzioni delle vostre linee produttive.<\/strong><\/p>\n<\/div>\n\n\n\n<div class=\"wp-block-column is-layout-flow wp-container-core-column-is-layout-6b73ce23 wp-block-column-is-layout-flow\">\n<h3 class=\"wp-block-heading\" style=\"margin-top:16px\">Progettazione elettronica<\/h3>\n\n\n\n<p>Trasformiamo la complessit\u00e0 tecnologica in soluzioni industriali ad alte prestazioni. Siamo il partner strategico per lo sviluppo di sistemi elettronici avanzati. Il nostro approccio unisce una profonda&nbsp;<strong>padronanza della fisica<\/strong>&nbsp;a una solida capacit\u00e0 di&nbsp; <strong>progettazione hardware e software<\/strong>, permettendoci di governare la potenza e i segnali con precisione millimetrica. Non ci limitiamo a fornire componenti: affianchiamo il cliente dall\u2019analisi delle&nbsp;<strong>specifiche iniziali<\/strong>&nbsp;alla&nbsp;<strong>produzione di serie<\/strong>, garantendo nel tempo il&nbsp;<strong>mantenimento e l\u2019evoluzione tecnologica<\/strong>&nbsp;dei prodotti. Produciamo e aggiorniamo internamente le nostre schede per assicurarne la massima longevit\u00e0 e adattabilit\u00e0 alle mutevoli esigenze del mercato.<\/p>\n<\/div>\n<\/div>\n<\/div>\n\n\n\n<div class=\"wp-block-group alignfull has-background is-layout-constrained wp-container-core-group-is-layout-e62340cb wp-block-group-is-layout-constrained\" id=\"contact\" style=\"background:linear-gradient(150deg,rgb(9,62,110) 0%,rgba(224,219,209,0.9) 100%);padding-top:104px;padding-bottom:104px\">\n<div class=\"wp-block-columns is-layout-flex wp-container-core-columns-is-layout-28f84493 wp-block-columns-is-layout-flex\">\n<div class=\"wp-block-column is-layout-flow wp-block-column-is-layout-flow\">\n<div class=\"wp-block-uagb-info-box uagb-block-70e3b18c uagb-infobox__content-wrap  uagb-infobox-icon-above-title uagb-infobox-image-valign-top\"><div class=\"uagb-ifb-content\"><div class=\"uagb-ifb-image-content\"><img decoding=\"async\" src=\"https:\/\/x-phase.com\/wordpress\/wp-content\/uploads\/2026\/04\/x-phase-logo-300x100-1.png\" alt=\"\" width=\"\" height=\"0\" loading=\"lazy\"\/><\/div><div class=\"uagb-ifb-title-wrap\"><h3 class=\"uagb-ifb-title\">Electronic Systems Development<\/h3><\/div><p class=\"uagb-ifb-desc\">Sede legale ed operativa: via Alcide De Gasperi, 2 &#8211; 50019 &#8211; Sesto Fiorentino (FI) &#8211; Italy ,<br>info@x-phase.it<br>tel: +39 055 0125424<br><small><em>.IVA e C.F. 06308560488 &#8211; Iscritta al Registro delle Imprese di Firenze al n. 06308560488 &#8211; Capitale sociale 12000,00\u20ac i.v.<\/em><\/small><\/p><\/div><\/div>\n<\/div>\n\n\n\n<div class=\"wp-block-column is-layout-flow wp-block-column-is-layout-flow\">\n<iframe src=\"https:\/\/www.google.com\/maps\/embed?pb=!1m18!1m12!1m3!1d2878.196281543284!2d11.183335076050367!3d43.83102797109417!2m3!1f0!2f0!3f0!3m2!1i1024!2i768!4f13.1!3m3!1m2!1s0x132a57bf8b199813%3A0x244cec59abe2b7a7!2sVia%20Alcide%20de%20Gasperi%2C%202%2C%2050019%20Sesto%20Fiorentino%20FI!5e0!3m2!1sit!2sit!4v1775943340016!5m2!1sit!2sit\" width=\"500\" height=\"300\" style=\"border:0;\" allowfullscreen=\"\" loading=\"lazy\" referrerpolicy=\"no-referrer-when-downgrade\"><\/iframe>\n<\/div>\n<\/div>\n<\/div>\n","protected":false},"excerpt":{"rendered":"<p>What We Offer Progettazione Nel mondo degli origami, non esistono pieghe casuali. Ogni inclinazione, ogni pressione \u00e8 una decisione ponderata [&hellip;]<\/p>\n","protected":false},"author":1,"featured_media":0,"parent":0,"menu_order":0,"comment_status":"closed","ping_status":"closed","template":"","meta":{"_uag_custom_page_level_css":"","site-sidebar-layout":"no-sidebar","site-content-layout":"plain-container","ast-site-content-layout":"default","site-content-style":"default","site-sidebar-style":"default","ast-global-header-display":"","ast-banner-title-visibility":"","ast-main-header-display":"","ast-hfb-above-header-display":"","ast-hfb-below-header-display":"","ast-hfb-mobile-header-display":"","site-post-title":"disabled","ast-breadcrumbs-content":"","ast-featured-img":"","footer-sml-layout":"","ast-disable-related-posts":"","theme-transparent-header-meta":"enabled","adv-header-id-meta":"","stick-header-meta":"","header-above-stick-meta":"","header-main-stick-meta":"","header-below-stick-meta":"","astra-migrate-meta-layouts":"default","ast-page-background-enabled":"default","ast-page-background-meta":{"desktop":{"background-color":"var(--ast-global-color-5)","background-image":"","background-repeat":"repeat","background-position":"center center","background-size":"auto","background-attachment":"scroll","background-type":"","background-media":"","overlay-type":"","overlay-color":"","overlay-opacity":"","overlay-gradient":""},"tablet":{"background-color":"","background-image":"","background-repeat":"repeat","background-position":"center center","background-size":"auto","background-attachment":"scroll","background-type":"","background-media":"","overlay-type":"","overlay-color":"","overlay-opacity":"","overlay-gradient":""},"mobile":{"background-color":"","background-image":"","background-repeat":"repeat","background-position":"center center","background-size":"auto","background-attachment":"scroll","background-type":"","background-media":"","overlay-type":"","overlay-color":"","overlay-opacity":"","overlay-gradient":""}},"ast-content-background-meta":{"desktop":{"background-color":"var(--ast-global-color-4)","background-image":"","background-repeat":"repeat","background-position":"center center","background-size":"auto","background-attachment":"scroll","background-type":"","background-media":"","overlay-type":"","overlay-color":"","overlay-opacity":"","overlay-gradient":""},"tablet":{"background-color":"var(--ast-global-color-4)","background-image":"","background-repeat":"repeat","background-position":"center center","background-size":"auto","background-attachment":"scroll","background-type":"","background-media":"","overlay-type":"","overlay-color":"","overlay-opacity":"","overlay-gradient":""},"mobile":{"background-color":"var(--ast-global-color-4)","background-image":"","background-repeat":"repeat","background-position":"center center","background-size":"auto","background-attachment":"scroll","background-type":"","background-media":"","overlay-type":"","overlay-color":"","overlay-opacity":"","overlay-gradient":""}},"footnotes":""},"class_list":["post-7","page","type-page","status-publish","hentry"],"uagb_featured_image_src":{"full":false,"thumbnail":false,"medium":false,"medium_large":false,"large":false,"1536x1536":false,"2048x2048":false},"uagb_author_info":{"display_name":"admin","author_link":"https:\/\/x-phase.com\/wordpress\/author\/x-phase-user\/"},"uagb_comment_info":0,"uagb_excerpt":"What We Offer Progettazione Nel mondo degli origami, non esistono pieghe casuali. Ogni inclinazione, ogni pressione \u00e8 una decisione ponderata [&hellip;]","_links":{"self":[{"href":"https:\/\/x-phase.com\/wordpress\/index.php\/wp-json\/wp\/v2\/pages\/7","targetHints":{"allow":["GET"]}}],"collection":[{"href":"https:\/\/x-phase.com\/wordpress\/index.php\/wp-json\/wp\/v2\/pages"}],"about":[{"href":"https:\/\/x-phase.com\/wordpress\/index.php\/wp-json\/wp\/v2\/types\/page"}],"author":[{"embeddable":true,"href":"https:\/\/x-phase.com\/wordpress\/index.php\/wp-json\/wp\/v2\/users\/1"}],"replies":[{"embeddable":true,"href":"https:\/\/x-phase.com\/wordpress\/index.php\/wp-json\/wp\/v2\/comments?post=7"}],"version-history":[{"count":27,"href":"https:\/\/x-phase.com\/wordpress\/index.php\/wp-json\/wp\/v2\/pages\/7\/revisions"}],"predecessor-version":[{"id":83,"href":"https:\/\/x-phase.com\/wordpress\/index.php\/wp-json\/wp\/v2\/pages\/7\/revisions\/83"}],"wp:attachment":[{"href":"https:\/\/x-phase.com\/wordpress\/index.php\/wp-json\/wp\/v2\/media?parent=7"}],"curies":[{"name":"wp","href":"https:\/\/api.w.org\/{rel}","templated":true}]}}